{"id":1597,"date":"2021-06-15T10:13:56","date_gmt":"2021-06-15T08:13:56","guid":{"rendered":"https:\/\/www.campingtamariu.com\/dienstleistungen\/"},"modified":"2021-06-15T11:03:24","modified_gmt":"2021-06-15T09:03:24","slug":"dienstleistungen","status":"publish","type":"page","link":"https:\/\/www.campingtamariu.com\/de\/dienstleistungen\/","title":{"rendered":"Dienstleistungen"},"content":{"rendered":"\t\t<div data-elementor-type=\"wp-page\" data-elementor-id=\"1597\" class=\"elementor elementor-1597 elementor-18\" data-elementor-post-type=\"page\">\n\t\t\t\t\t\t<section class=\"elementor-section elementor-top-section elementor-element elementor-element-a4d2d84 elementor-section-full_width elementor-section-height-default elementor-section-height-default\" data-id=\"a4d2d84\" data-element_type=\"section\" data-e-type=\"section\">\n\t\t\t\t\t\t<div class=\"elementor-container elementor-column-gap-no\">\n\t\t\t\t\t<div class=\"elementor-column elementor-col-50 elementor-top-column elementor-element elementor-element-ef8fe35\" data-id=\"ef8fe35\" data-element_type=\"column\" data-e-type=\"column\">\n\t\t\t<div class=\"elementor-widget-wrap elementor-element-populated\">\n\t\t\t\t\t\t<div class=\"elementor-element elementor-element-134e78b elementor-widget elementor-widget-image\" data-id=\"134e78b\" data-element_type=\"widget\" data-e-type=\"widget\" data-widget_type=\"image.default\">\n\t\t\t\t<div class=\"elementor-widget-container\">\n\t\t\t\t\t\t\t\t\t\t\t\t\t\t\t<img fetchpriority=\"high\" decoding=\"async\" width=\"1024\" height=\"685\" src=\"https:\/\/www.campingtamariu.com\/wp-content\/uploads\/2021\/05\/1-serveis.jpg\" class=\"attachment-full size-full wp-image-527\" alt=\"\" srcset=\"https:\/\/www.campingtamariu.com\/wp-content\/uploads\/2021\/05\/1-serveis.jpg 1024w, https:\/\/www.campingtamariu.com\/wp-content\/uploads\/2021\/05\/1-serveis-300x201.jpg 300w, https:\/\/www.campingtamariu.com\/wp-content\/uploads\/2021\/05\/1-serveis-768x514.jpg 768w\" sizes=\"(max-width: 1024px) 100vw, 1024px\" \/>\t\t\t\t\t\t\t\t\t\t\t\t\t\t\t<\/div>\n\t\t\t\t<\/div>\n\t\t\t\t\t<\/div>\n\t\t<\/div>\n\t\t\t\t<div class=\"elementor-column elementor-col-50 elementor-top-column elementor-element elementor-element-2138cbb\" data-id=\"2138cbb\" data-element_type=\"column\" data-e-type=\"column\" data-settings=\"{&quot;background_background&quot;:&quot;classic&quot;}\">\n\t\t\t<div class=\"elementor-widget-wrap elementor-element-populated\">\n\t\t\t\t\t\t<div class=\"elementor-element elementor-element-8c77757 elementor-widget elementor-widget-image\" data-id=\"8c77757\" data-element_type=\"widget\" data-e-type=\"widget\" data-widget_type=\"image.default\">\n\t\t\t\t<div class=\"elementor-widget-container\">\n\t\t\t\t\t\t\t\t\t\t\t\t\t\t\t<img decoding=\"async\" src=\"https:\/\/www.campingtamariu.com\/wp-content\/uploads\/2021\/05\/tamariu-_piscina-picto.svg\" class=\"attachment-full size-full wp-image-416\" alt=\"\" \/>\t\t\t\t\t\t\t\t\t\t\t\t\t\t\t<\/div>\n\t\t\t\t<\/div>\n\t\t\t\t<div class=\"elementor-element elementor-element-01e0a75 elementor-widget elementor-widget-heading\" data-id=\"01e0a75\" data-element_type=\"widget\" data-e-type=\"widget\" data-widget_type=\"heading.default\">\n\t\t\t\t<div class=\"elementor-widget-container\">\n\t\t\t\t\t<h1 class=\"elementor-heading-title elementor-size-default\">Empfang<br \/>Bar<br \/>Cafeteria<br \/><\/h1>\t\t\t\t<\/div>\n\t\t\t\t<\/div>\n\t\t\t\t\t<\/div>\n\t\t<\/div>\n\t\t\t\t\t<\/div>\n\t\t<\/section>\n\t\t\t\t<section class=\"elementor-section elementor-top-section elementor-element elementor-element-01d353b elementor-section-boxed elementor-section-height-default elementor-section-height-default\" data-id=\"01d353b\" data-element_type=\"section\" data-e-type=\"section\">\n\t\t\t\t\t\t<div class=\"elementor-container elementor-column-gap-no\">\n\t\t\t\t\t<div class=\"elementor-column elementor-col-100 elementor-top-column elementor-element elementor-element-fdc929f\" data-id=\"fdc929f\" data-element_type=\"column\" data-e-type=\"column\">\n\t\t\t<div class=\"elementor-widget-wrap elementor-element-populated\">\n\t\t\t\t\t\t<div class=\"elementor-element elementor-element-6ea542f elementor-widget elementor-widget-text-editor\" data-id=\"6ea542f\" data-element_type=\"widget\" data-e-type=\"widget\" data-widget_type=\"text-editor.default\">\n\t\t\t\t<div class=\"elementor-widget-container\">\n\t\t\t\t\t\t\t\t\tDer Campingplatz hat eine Caf\u00e9bar und ein Lebensmittelgesch\u00e4ft mit panoramischer Terrasse.<br\/>\nDie Bar ist ab 8 Uhr morgen ge\u00f6ffnet.\t\t\t\t\t\t\t\t<\/div>\n\t\t\t\t<\/div>\n\t\t\t\t\t<\/div>\n\t\t<\/div>\n\t\t\t\t\t<\/div>\n\t\t<\/section>\n\t\t\t\t<section class=\"elementor-section elementor-top-section elementor-element elementor-element-3bcdecd elementor-section-full_width elementor-section-height-default elementor-section-height-default\" data-id=\"3bcdecd\" data-element_type=\"section\" data-e-type=\"section\">\n\t\t\t\t\t\t<div class=\"elementor-container elementor-column-gap-no\">\n\t\t\t\t\t<div class=\"elementor-column elementor-col-50 elementor-top-column elementor-element elementor-element-2432430\" data-id=\"2432430\" data-element_type=\"column\" data-e-type=\"column\" data-settings=\"{&quot;background_background&quot;:&quot;classic&quot;}\">\n\t\t\t<div class=\"elementor-widget-wrap elementor-element-populated\">\n\t\t\t\t\t\t<div class=\"elementor-element elementor-element-3a96645 elementor-hidden-desktop elementor-hidden-tablet elementor-widget elementor-widget-image\" data-id=\"3a96645\" data-element_type=\"widget\" data-e-type=\"widget\" data-widget_type=\"image.default\">\n\t\t\t\t<div class=\"elementor-widget-container\">\n\t\t\t\t\t\t\t\t\t\t\t\t\t\t\t<img decoding=\"async\" width=\"1067\" height=\"690\" src=\"https:\/\/www.campingtamariu.com\/wp-content\/uploads\/2021\/05\/recepcio.jpg\" class=\"attachment-full size-full wp-image-543\" alt=\"\" srcset=\"https:\/\/www.campingtamariu.com\/wp-content\/uploads\/2021\/05\/recepcio.jpg 1067w, https:\/\/www.campingtamariu.com\/wp-content\/uploads\/2021\/05\/recepcio-300x194.jpg 300w, https:\/\/www.campingtamariu.com\/wp-content\/uploads\/2021\/05\/recepcio-1024x662.jpg 1024w, https:\/\/www.campingtamariu.com\/wp-content\/uploads\/2021\/05\/recepcio-768x497.jpg 768w\" sizes=\"(max-width: 1067px) 100vw, 1067px\" \/>\t\t\t\t\t\t\t\t\t\t\t\t\t\t\t<\/div>\n\t\t\t\t<\/div>\n\t\t\t\t\t<\/div>\n\t\t<\/div>\n\t\t\t\t<div class=\"elementor-column elementor-col-50 elementor-top-column elementor-element elementor-element-8d9b072\" data-id=\"8d9b072\" data-element_type=\"column\" data-e-type=\"column\" data-settings=\"{&quot;background_background&quot;:&quot;classic&quot;}\">\n\t\t\t<div class=\"elementor-widget-wrap elementor-element-populated\">\n\t\t\t\t\t\t<div class=\"elementor-element elementor-element-847a0b7 elementor-widget elementor-widget-heading\" data-id=\"847a0b7\" data-element_type=\"widget\" data-e-type=\"widget\" data-widget_type=\"heading.default\">\n\t\t\t\t<div class=\"elementor-widget-container\">\n\t\t\t\t\t<h2 class=\"elementor-heading-title elementor-size-default\">Empfang<\/h2>\t\t\t\t<\/div>\n\t\t\t\t<\/div>\n\t\t\t\t<div class=\"elementor-element elementor-element-081cebd elementor-widget elementor-widget-text-editor\" data-id=\"081cebd\" data-element_type=\"widget\" data-e-type=\"widget\" data-widget_type=\"text-editor.default\">\n\t\t\t\t<div class=\"elementor-widget-container\">\n\t\t\t\t\t\t\t\t\t\u00d6ffnungszeiten: von 8 Uhr morgen bis 20 Uhr.<br\/>\nBuchungsverwaltung, Check-in und Check-out.<br\/>\nAuskunft \u00fcber Fremdenverkehr und Umgebung.<br\/>\nTischtennisschl\u00e4ger und \u2013b\u00e4lle<br\/> Vermietung<br\/>\nSafedienst<br\/>\nSchlie\u00dff\u00e4cher<br\/>\nK\u00fchlboxvermietung\t\t\t\t\t\t\t\t<\/div>\n\t\t\t\t<\/div>\n\t\t\t\t\t<\/div>\n\t\t<\/div>\n\t\t\t\t\t<\/div>\n\t\t<\/section>\n\t\t\t\t<section class=\"elementor-section elementor-top-section elementor-element elementor-element-8a63cd8 elementor-section-full_width elementor-reverse-mobile elementor-section-height-default elementor-section-height-default\" data-id=\"8a63cd8\" data-element_type=\"section\" data-e-type=\"section\">\n\t\t\t\t\t\t<div class=\"elementor-container elementor-column-gap-no\">\n\t\t\t\t\t<div class=\"elementor-column elementor-col-50 elementor-top-column elementor-element elementor-element-be068c9\" data-id=\"be068c9\" data-element_type=\"column\" data-e-type=\"column\" data-settings=\"{&quot;background_background&quot;:&quot;classic&quot;}\">\n\t\t\t<div class=\"elementor-widget-wrap elementor-element-populated\">\n\t\t\t\t\t\t<div class=\"elementor-element elementor-element-09c2819 elementor-widget elementor-widget-heading\" data-id=\"09c2819\" data-element_type=\"widget\" data-e-type=\"widget\" data-widget_type=\"heading.default\">\n\t\t\t\t<div class=\"elementor-widget-container\">\n\t\t\t\t\t<h2 class=\"elementor-heading-title elementor-size-default\">Caf\u00e9bar<\/h2>\t\t\t\t<\/div>\n\t\t\t\t<\/div>\n\t\t\t\t<div class=\"elementor-element elementor-element-31d2290 elementor-widget elementor-widget-text-editor\" data-id=\"31d2290\" data-element_type=\"widget\" data-e-type=\"widget\" data-widget_type=\"text-editor.default\">\n\t\t\t\t<div class=\"elementor-widget-container\">\n\t\t\t\t\t\t\t\t\tPanoramische Terrasse an der Caf\u00e9bar.<br\/>\nGastst\u00e4tte ge\u00f6ffnet von 8 Uhr vormittags bis Mitternacht.<br\/>\nDie Gerichte der Speisekarte k\u00f6nnen zum Mitnehmen bestellt werden.\t\t\t\t\t\t\t\t<\/div>\n\t\t\t\t<\/div>\n\t\t\t\t\t<\/div>\n\t\t<\/div>\n\t\t\t\t<div class=\"elementor-column elementor-col-50 elementor-top-column elementor-element elementor-element-78b1c62\" data-id=\"78b1c62\" data-element_type=\"column\" data-e-type=\"column\" data-settings=\"{&quot;background_background&quot;:&quot;classic&quot;}\">\n\t\t\t<div class=\"elementor-widget-wrap elementor-element-populated\">\n\t\t\t\t\t\t<div class=\"elementor-element elementor-element-131a873 elementor-hidden-desktop elementor-hidden-tablet elementor-widget elementor-widget-image\" data-id=\"131a873\" data-element_type=\"widget\" data-e-type=\"widget\" data-widget_type=\"image.default\">\n\t\t\t\t<div class=\"elementor-widget-container\">\n\t\t\t\t\t\t\t\t\t\t\t\t\t\t\t<img decoding=\"async\" width=\"1067\" height=\"690\" src=\"https:\/\/www.campingtamariu.com\/wp-content\/uploads\/2021\/05\/cafeteria.jpg\" class=\"attachment-full size-full wp-image-555\" alt=\"\" srcset=\"https:\/\/www.campingtamariu.com\/wp-content\/uploads\/2021\/05\/cafeteria.jpg 1067w, https:\/\/www.campingtamariu.com\/wp-content\/uploads\/2021\/05\/cafeteria-300x194.jpg 300w, https:\/\/www.campingtamariu.com\/wp-content\/uploads\/2021\/05\/cafeteria-1024x662.jpg 1024w, https:\/\/www.campingtamariu.com\/wp-content\/uploads\/2021\/05\/cafeteria-768x497.jpg 768w\" sizes=\"(max-width: 1067px) 100vw, 1067px\" \/>\t\t\t\t\t\t\t\t\t\t\t\t\t\t\t<\/div>\n\t\t\t\t<\/div>\n\t\t\t\t\t<\/div>\n\t\t<\/div>\n\t\t\t\t\t<\/div>\n\t\t<\/section>\n\t\t\t\t<\/div>\n\t\t","protected":false},"excerpt":{"rendered":"<p>EmpfangBarCafeteria Der Campingplatz hat eine Caf\u00e9bar und ein Lebensmittelgesch\u00e4ft mit panoramischer Terrasse. Die Bar ist ab 8 Uhr morgen ge\u00f6ffnet. Empfang \u00d6ffnungszeiten: von 8 Uhr morgen bis 20 Uhr. Buchungsverwaltung, Check-in und Check-out. Auskunft \u00fcber Fremdenverkehr und Umgebung. Tischtennisschl\u00e4ger und \u2013b\u00e4lle Vermietung Safedienst Schlie\u00dff\u00e4cher K\u00fchlboxvermietung Caf\u00e9bar Panoramische Terrasse an der Caf\u00e9bar. Gastst\u00e4tte ge\u00f6ffnet von 8 &hellip; <\/p>\n<p class=\"link-more\"><a href=\"https:\/\/www.campingtamariu.com\/de\/dienstleistungen\/\" class=\"more-link\"><span class=\"screen-reader-text\">\u201eDienstleistungen\u201c <\/span>weiterlesen<\/a><\/p>\n","protected":false},"author":1,"featured_media":0,"parent":0,"menu_order":0,"comment_status":"closed","ping_status":"closed","template":"elementor_header_footer","meta":{"footnotes":""},"class_list":["post-1597","page","type-page","status-publish","hentry","entry"],"_links":{"self":[{"href":"https:\/\/www.campingtamariu.com\/de\/wp-json\/wp\/v2\/pages\/1597","targetHints":{"allow":["GET"]}}],"collection":[{"href":"https:\/\/www.campingtamariu.com\/de\/wp-json\/wp\/v2\/pages"}],"about":[{"href":"https:\/\/www.campingtamariu.com\/de\/wp-json\/wp\/v2\/types\/page"}],"author":[{"embeddable":true,"href":"https:\/\/www.campingtamariu.com\/de\/wp-json\/wp\/v2\/users\/1"}],"replies":[{"embeddable":true,"href":"https:\/\/www.campingtamariu.com\/de\/wp-json\/wp\/v2\/comments?post=1597"}],"version-history":[{"count":4,"href":"https:\/\/www.campingtamariu.com\/de\/wp-json\/wp\/v2\/pages\/1597\/revisions"}],"predecessor-version":[{"id":1645,"href":"https:\/\/www.campingtamariu.com\/de\/wp-json\/wp\/v2\/pages\/1597\/revisions\/1645"}],"wp:attachment":[{"href":"https:\/\/www.campingtamariu.com\/de\/wp-json\/wp\/v2\/media?parent=1597"}],"curies":[{"name":"wp","href":"https:\/\/api.w.org\/{rel}","templated":true}]}}