{"id":906,"date":"2021-05-20T11:15:15","date_gmt":"2021-05-20T09:15:15","guid":{"rendered":"https:\/\/www.campingtamariu.com\/servicios\/"},"modified":"2021-05-27T10:47:52","modified_gmt":"2021-05-27T08:47:52","slug":"servicios","status":"publish","type":"page","link":"https:\/\/www.campingtamariu.com\/es\/servicios\/","title":{"rendered":"Servicios"},"content":{"rendered":"\t\t<div data-elementor-type=\"wp-page\" data-elementor-id=\"906\" class=\"elementor elementor-906 elementor-18\" data-elementor-post-type=\"page\">\n\t\t\t\t\t\t<section class=\"elementor-section elementor-top-section elementor-element elementor-element-a4d2d84 elementor-section-full_width elementor-section-height-default elementor-section-height-default\" data-id=\"a4d2d84\" data-element_type=\"section\" data-e-type=\"section\">\n\t\t\t\t\t\t<div class=\"elementor-container elementor-column-gap-no\">\n\t\t\t\t\t<div class=\"elementor-column elementor-col-50 elementor-top-column elementor-element elementor-element-ef8fe35\" data-id=\"ef8fe35\" data-element_type=\"column\" data-e-type=\"column\">\n\t\t\t<div class=\"elementor-widget-wrap elementor-element-populated\">\n\t\t\t\t\t\t<div class=\"elementor-element elementor-element-134e78b elementor-widget elementor-widget-image\" data-id=\"134e78b\" data-element_type=\"widget\" data-e-type=\"widget\" data-widget_type=\"image.default\">\n\t\t\t\t<div class=\"elementor-widget-container\">\n\t\t\t\t\t\t\t\t\t\t\t\t\t\t\t<img fetchpriority=\"high\" decoding=\"async\" width=\"1024\" height=\"685\" src=\"https:\/\/www.campingtamariu.com\/wp-content\/uploads\/2021\/05\/1-serveis.jpg\" class=\"attachment-full size-full wp-image-528\" alt=\"\" srcset=\"https:\/\/www.campingtamariu.com\/wp-content\/uploads\/2021\/05\/1-serveis.jpg 1024w, https:\/\/www.campingtamariu.com\/wp-content\/uploads\/2021\/05\/1-serveis-300x201.jpg 300w, https:\/\/www.campingtamariu.com\/wp-content\/uploads\/2021\/05\/1-serveis-768x514.jpg 768w\" sizes=\"(max-width: 1024px) 100vw, 1024px\" \/>\t\t\t\t\t\t\t\t\t\t\t\t\t\t\t<\/div>\n\t\t\t\t<\/div>\n\t\t\t\t\t<\/div>\n\t\t<\/div>\n\t\t\t\t<div class=\"elementor-column elementor-col-50 elementor-top-column elementor-element elementor-element-2138cbb\" data-id=\"2138cbb\" data-element_type=\"column\" data-e-type=\"column\" data-settings=\"{&quot;background_background&quot;:&quot;classic&quot;}\">\n\t\t\t<div class=\"elementor-widget-wrap elementor-element-populated\">\n\t\t\t\t\t\t<div class=\"elementor-element elementor-element-8c77757 elementor-widget elementor-widget-image\" data-id=\"8c77757\" data-element_type=\"widget\" data-e-type=\"widget\" data-widget_type=\"image.default\">\n\t\t\t\t<div class=\"elementor-widget-container\">\n\t\t\t\t\t\t\t\t\t\t\t\t\t\t\t<img decoding=\"async\" src=\"https:\/\/www.campingtamariu.com\/wp-content\/uploads\/2021\/05\/tamariu-_piscina-picto.svg\" class=\"attachment-full size-full wp-image-417\" alt=\"\" \/>\t\t\t\t\t\t\t\t\t\t\t\t\t\t\t<\/div>\n\t\t\t\t<\/div>\n\t\t\t\t<div class=\"elementor-element elementor-element-01e0a75 elementor-widget elementor-widget-heading\" data-id=\"01e0a75\" data-element_type=\"widget\" data-e-type=\"widget\" data-widget_type=\"heading.default\">\n\t\t\t\t<div class=\"elementor-widget-container\">\n\t\t\t\t\t<h1 class=\"elementor-heading-title elementor-size-default\">Recepci\u00f3n<br \/>Bar<br \/>Cafeter\u00eda<br \/><\/h1>\t\t\t\t<\/div>\n\t\t\t\t<\/div>\n\t\t\t\t\t<\/div>\n\t\t<\/div>\n\t\t\t\t\t<\/div>\n\t\t<\/section>\n\t\t\t\t<section class=\"elementor-section elementor-top-section elementor-element elementor-element-01d353b elementor-section-boxed elementor-section-height-default elementor-section-height-default\" data-id=\"01d353b\" data-element_type=\"section\" data-e-type=\"section\">\n\t\t\t\t\t\t<div class=\"elementor-container elementor-column-gap-no\">\n\t\t\t\t\t<div class=\"elementor-column elementor-col-100 elementor-top-column elementor-element elementor-element-fdc929f\" data-id=\"fdc929f\" data-element_type=\"column\" data-e-type=\"column\">\n\t\t\t<div class=\"elementor-widget-wrap elementor-element-populated\">\n\t\t\t\t\t\t<div class=\"elementor-element elementor-element-6ea542f elementor-widget elementor-widget-text-editor\" data-id=\"6ea542f\" data-element_type=\"widget\" data-e-type=\"widget\" data-widget_type=\"text-editor.default\">\n\t\t\t\t<div class=\"elementor-widget-container\">\n\t\t\t\t\t\t\t\t\tEl camping dispone de bar, restaurante, cafeter\u00eda y tienda con terraza panor\u00e1mica.<br\/>\nEl restaurante ofrece men\u00fa a la carta y est\u00e1 abierto desde las 8 h de la ma\u00f1ana.\t\t\t\t\t\t\t\t<\/div>\n\t\t\t\t<\/div>\n\t\t\t\t\t<\/div>\n\t\t<\/div>\n\t\t\t\t\t<\/div>\n\t\t<\/section>\n\t\t\t\t<section class=\"elementor-section elementor-top-section elementor-element elementor-element-3bcdecd elementor-section-full_width elementor-section-height-default elementor-section-height-default\" data-id=\"3bcdecd\" data-element_type=\"section\" data-e-type=\"section\">\n\t\t\t\t\t\t<div class=\"elementor-container elementor-column-gap-no\">\n\t\t\t\t\t<div class=\"elementor-column elementor-col-50 elementor-top-column elementor-element elementor-element-2432430\" data-id=\"2432430\" data-element_type=\"column\" data-e-type=\"column\" data-settings=\"{&quot;background_background&quot;:&quot;classic&quot;}\">\n\t\t\t<div class=\"elementor-widget-wrap elementor-element-populated\">\n\t\t\t\t\t\t<div class=\"elementor-element elementor-element-3a96645 elementor-hidden-desktop elementor-hidden-tablet elementor-widget elementor-widget-image\" data-id=\"3a96645\" data-element_type=\"widget\" data-e-type=\"widget\" data-widget_type=\"image.default\">\n\t\t\t\t<div class=\"elementor-widget-container\">\n\t\t\t\t\t\t\t\t\t\t\t\t\t\t\t<img decoding=\"async\" width=\"1067\" height=\"690\" src=\"https:\/\/www.campingtamariu.com\/wp-content\/uploads\/2021\/05\/recepcio.jpg\" class=\"attachment-full size-full wp-image-544\" alt=\"\" srcset=\"https:\/\/www.campingtamariu.com\/wp-content\/uploads\/2021\/05\/recepcio.jpg 1067w, https:\/\/www.campingtamariu.com\/wp-content\/uploads\/2021\/05\/recepcio-300x194.jpg 300w, https:\/\/www.campingtamariu.com\/wp-content\/uploads\/2021\/05\/recepcio-1024x662.jpg 1024w, https:\/\/www.campingtamariu.com\/wp-content\/uploads\/2021\/05\/recepcio-768x497.jpg 768w\" sizes=\"(max-width: 1067px) 100vw, 1067px\" \/>\t\t\t\t\t\t\t\t\t\t\t\t\t\t\t<\/div>\n\t\t\t\t<\/div>\n\t\t\t\t\t<\/div>\n\t\t<\/div>\n\t\t\t\t<div class=\"elementor-column elementor-col-50 elementor-top-column elementor-element elementor-element-8d9b072\" data-id=\"8d9b072\" data-element_type=\"column\" data-e-type=\"column\" data-settings=\"{&quot;background_background&quot;:&quot;classic&quot;}\">\n\t\t\t<div class=\"elementor-widget-wrap elementor-element-populated\">\n\t\t\t\t\t\t<div class=\"elementor-element elementor-element-847a0b7 elementor-widget elementor-widget-heading\" data-id=\"847a0b7\" data-element_type=\"widget\" data-e-type=\"widget\" data-widget_type=\"heading.default\">\n\t\t\t\t<div class=\"elementor-widget-container\">\n\t\t\t\t\t<h2 class=\"elementor-heading-title elementor-size-default\">Recepci\u00f3n<\/h2>\t\t\t\t<\/div>\n\t\t\t\t<\/div>\n\t\t\t\t<div class=\"elementor-element elementor-element-081cebd elementor-widget elementor-widget-text-editor\" data-id=\"081cebd\" data-element_type=\"widget\" data-e-type=\"widget\" data-widget_type=\"text-editor.default\">\n\t\t\t\t<div class=\"elementor-widget-container\">\n\t\t\t\t\t\t\t\t\tHorario: de 8.00 a 20.00.<br\/>\nGesti\u00f3n de reservas, entradas y salidas.<br\/>\nServicio de informaci\u00f3n tur\u00edstica y servicios varios.<br\/>\nServicio de pr\u00e9stamo de raquetas y pelotas de ping-pong.<br\/>\nServicio de caja fuerte.<br\/>\nServicio de taquillas.<br\/>\nServicio de alquiler de neveras.\t\t\t\t\t\t\t\t<\/div>\n\t\t\t\t<\/div>\n\t\t\t\t\t<\/div>\n\t\t<\/div>\n\t\t\t\t\t<\/div>\n\t\t<\/section>\n\t\t\t\t<section class=\"elementor-section elementor-top-section elementor-element elementor-element-8a63cd8 elementor-section-full_width elementor-reverse-mobile elementor-section-height-default elementor-section-height-default\" data-id=\"8a63cd8\" data-element_type=\"section\" data-e-type=\"section\">\n\t\t\t\t\t\t<div class=\"elementor-container elementor-column-gap-no\">\n\t\t\t\t\t<div class=\"elementor-column elementor-col-50 elementor-top-column elementor-element elementor-element-be068c9\" data-id=\"be068c9\" data-element_type=\"column\" data-e-type=\"column\" data-settings=\"{&quot;background_background&quot;:&quot;classic&quot;}\">\n\t\t\t<div class=\"elementor-widget-wrap elementor-element-populated\">\n\t\t\t\t\t\t<div class=\"elementor-element elementor-element-09c2819 elementor-widget elementor-widget-heading\" data-id=\"09c2819\" data-element_type=\"widget\" data-e-type=\"widget\" data-widget_type=\"heading.default\">\n\t\t\t\t<div class=\"elementor-widget-container\">\n\t\t\t\t\t<h2 class=\"elementor-heading-title elementor-size-default\">Bar Cafeter\u00eda<\/h2>\t\t\t\t<\/div>\n\t\t\t\t<\/div>\n\t\t\t\t<div class=\"elementor-element elementor-element-31d2290 elementor-widget elementor-widget-text-editor\" data-id=\"31d2290\" data-element_type=\"widget\" data-e-type=\"widget\" data-widget_type=\"text-editor.default\">\n\t\t\t\t<div class=\"elementor-widget-container\">\n\t\t\t\t\t\t\t\t\tTerraza panor\u00e1mica en la cafeter\u00eda.<br\/>\nServicio de restauraci\u00f3n de 8 h a 12 h.<br\/>\nAire condicionado.<br\/>\nTV.\t\t\t\t\t\t\t\t<\/div>\n\t\t\t\t<\/div>\n\t\t\t\t\t<\/div>\n\t\t<\/div>\n\t\t\t\t<div class=\"elementor-column elementor-col-50 elementor-top-column elementor-element elementor-element-78b1c62\" data-id=\"78b1c62\" data-element_type=\"column\" data-e-type=\"column\" data-settings=\"{&quot;background_background&quot;:&quot;classic&quot;}\">\n\t\t\t<div class=\"elementor-widget-wrap elementor-element-populated\">\n\t\t\t\t\t\t<div class=\"elementor-element elementor-element-131a873 elementor-hidden-desktop elementor-hidden-tablet elementor-widget elementor-widget-image\" data-id=\"131a873\" data-element_type=\"widget\" data-e-type=\"widget\" data-widget_type=\"image.default\">\n\t\t\t\t<div class=\"elementor-widget-container\">\n\t\t\t\t\t\t\t\t\t\t\t\t\t\t\t<img decoding=\"async\" width=\"1067\" height=\"690\" src=\"https:\/\/www.campingtamariu.com\/wp-content\/uploads\/2021\/05\/cafeteria.jpg\" class=\"attachment-full size-full wp-image-556\" alt=\"\" srcset=\"https:\/\/www.campingtamariu.com\/wp-content\/uploads\/2021\/05\/cafeteria.jpg 1067w, https:\/\/www.campingtamariu.com\/wp-content\/uploads\/2021\/05\/cafeteria-300x194.jpg 300w, https:\/\/www.campingtamariu.com\/wp-content\/uploads\/2021\/05\/cafeteria-1024x662.jpg 1024w, https:\/\/www.campingtamariu.com\/wp-content\/uploads\/2021\/05\/cafeteria-768x497.jpg 768w\" sizes=\"(max-width: 1067px) 100vw, 1067px\" \/>\t\t\t\t\t\t\t\t\t\t\t\t\t\t\t<\/div>\n\t\t\t\t<\/div>\n\t\t\t\t\t<\/div>\n\t\t<\/div>\n\t\t\t\t\t<\/div>\n\t\t<\/section>\n\t\t\t\t<\/div>\n\t\t","protected":false},"excerpt":{"rendered":"<p>Recepci\u00f3nBarCafeter\u00eda El camping dispone de bar, restaurante, cafeter\u00eda y tienda con terraza panor\u00e1mica. El restaurante ofrece men\u00fa a la carta y est\u00e1 abierto desde las 8 h de la ma\u00f1ana. Recepci\u00f3n Horario: de 8.00 a 20.00. Gesti\u00f3n de reservas, entradas y salidas. Servicio de informaci\u00f3n tur\u00edstica y servicios varios. Servicio de pr\u00e9stamo de raquetas y &hellip; <\/p>\n<p class=\"link-more\"><a href=\"https:\/\/www.campingtamariu.com\/es\/servicios\/\" class=\"more-link\">Seguir leyendo<span class=\"screen-reader-text\"> \u00abServicios\u00bb<\/span><\/a><\/p>\n","protected":false},"author":1,"featured_media":0,"parent":0,"menu_order":0,"comment_status":"closed","ping_status":"closed","template":"elementor_header_footer","meta":{"footnotes":""},"class_list":["post-906","page","type-page","status-publish","hentry","entry"],"_links":{"self":[{"href":"https:\/\/www.campingtamariu.com\/es\/wp-json\/wp\/v2\/pages\/906","targetHints":{"allow":["GET"]}}],"collection":[{"href":"https:\/\/www.campingtamariu.com\/es\/wp-json\/wp\/v2\/pages"}],"about":[{"href":"https:\/\/www.campingtamariu.com\/es\/wp-json\/wp\/v2\/types\/page"}],"author":[{"embeddable":true,"href":"https:\/\/www.campingtamariu.com\/es\/wp-json\/wp\/v2\/users\/1"}],"replies":[{"embeddable":true,"href":"https:\/\/www.campingtamariu.com\/es\/wp-json\/wp\/v2\/comments?post=906"}],"version-history":[{"count":11,"href":"https:\/\/www.campingtamariu.com\/es\/wp-json\/wp\/v2\/pages\/906\/revisions"}],"predecessor-version":[{"id":1092,"href":"https:\/\/www.campingtamariu.com\/es\/wp-json\/wp\/v2\/pages\/906\/revisions\/1092"}],"wp:attachment":[{"href":"https:\/\/www.campingtamariu.com\/es\/wp-json\/wp\/v2\/media?parent=906"}],"curies":[{"name":"wp","href":"https:\/\/api.w.org\/{rel}","templated":true}]}}