{"id":1172,"date":"2021-05-31T12:31:49","date_gmt":"2021-05-31T10:31:49","guid":{"rendered":"https:\/\/www.campingtamariu.com\/accueil\/"},"modified":"2021-06-11T12:04:57","modified_gmt":"2021-06-11T10:04:57","slug":"accueil","status":"publish","type":"page","link":"https:\/\/www.campingtamariu.com\/fr\/","title":{"rendered":"Accueil"},"content":{"rendered":"\t\t<div data-elementor-type=\"wp-page\" data-elementor-id=\"1172\" class=\"elementor elementor-1172 elementor-12\" data-elementor-post-type=\"page\">\n\t\t\t\t\t\t<section class=\"elementor-section elementor-top-section elementor-element elementor-element-97e3712 elementor-section-full_width elementor-section-height-default elementor-section-height-default\" data-id=\"97e3712\" data-element_type=\"section\" data-e-type=\"section\">\n\t\t\t\t\t\t<div class=\"elementor-container elementor-column-gap-no\">\n\t\t\t\t\t<div class=\"elementor-column elementor-col-100 elementor-top-column elementor-element elementor-element-877b523\" data-id=\"877b523\" data-element_type=\"column\" data-e-type=\"column\">\n\t\t\t<div class=\"elementor-widget-wrap elementor-element-populated\">\n\t\t\t\t\t\t<div class=\"elementor-element elementor-element-7ee642d elementor-widget elementor-widget-image\" data-id=\"7ee642d\" data-element_type=\"widget\" data-e-type=\"widget\" data-widget_type=\"image.default\">\n\t\t\t\t<div class=\"elementor-widget-container\">\n\t\t\t\t\t\t\t\t\t\t\t\t\t\t\t<img fetchpriority=\"high\" decoding=\"async\" width=\"1920\" height=\"700\" src=\"https:\/\/www.campingtamariu.com\/wp-content\/uploads\/2021\/05\/tamariu-1.jpg\" class=\"attachment-full size-full wp-image-149\" alt=\"\" srcset=\"https:\/\/www.campingtamariu.com\/wp-content\/uploads\/2021\/05\/tamariu-1.jpg 1920w, https:\/\/www.campingtamariu.com\/wp-content\/uploads\/2021\/05\/tamariu-1-300x109.jpg 300w, https:\/\/www.campingtamariu.com\/wp-content\/uploads\/2021\/05\/tamariu-1-1024x373.jpg 1024w, https:\/\/www.campingtamariu.com\/wp-content\/uploads\/2021\/05\/tamariu-1-768x280.jpg 768w, https:\/\/www.campingtamariu.com\/wp-content\/uploads\/2021\/05\/tamariu-1-1536x560.jpg 1536w, https:\/\/www.campingtamariu.com\/wp-content\/uploads\/2021\/05\/tamariu-1-1568x572.jpg 1568w\" sizes=\"(max-width: 1920px) 100vw, 1920px\" \/>\t\t\t\t\t\t\t\t\t\t\t\t\t\t\t<\/div>\n\t\t\t\t<\/div>\n\t\t\t\t\t<\/div>\n\t\t<\/div>\n\t\t\t\t\t<\/div>\n\t\t<\/section>\n\t\t\t\t<section class=\"elementor-section elementor-top-section elementor-element elementor-element-c6f1c6b elementor-section-boxed elementor-section-height-default elementor-section-height-default\" data-id=\"c6f1c6b\" data-element_type=\"section\" data-e-type=\"section\" data-settings=\"{&quot;background_background&quot;:&quot;classic&quot;}\">\n\t\t\t\t\t\t<div class=\"elementor-container elementor-column-gap-no\">\n\t\t\t\t\t<div class=\"elementor-column elementor-col-100 elementor-top-column elementor-element elementor-element-30d6ecc\" data-id=\"30d6ecc\" data-element_type=\"column\" data-e-type=\"column\">\n\t\t\t<div class=\"elementor-widget-wrap elementor-element-populated\">\n\t\t\t\t\t\t<div class=\"elementor-element elementor-element-906976c elementor-widget elementor-widget-heading\" data-id=\"906976c\" data-element_type=\"widget\" data-e-type=\"widget\" data-widget_type=\"heading.default\">\n\t\t\t\t<div class=\"elementor-widget-container\">\n\t\t\t\t\t<p class=\"elementor-heading-title elementor-size-default\">Bienvenue<\/p>\t\t\t\t<\/div>\n\t\t\t\t<\/div>\n\t\t\t\t<div class=\"elementor-element elementor-element-a568580 elementor-widget elementor-widget-text-editor\" data-id=\"a568580\" data-element_type=\"widget\" data-e-type=\"widget\" data-widget_type=\"text-editor.default\">\n\t\t\t\t<div class=\"elementor-widget-container\">\n\t\t\t\t\t\t\t\t\tPour passer d\u2019agr\u00e9able vacances, le CAMPING TAMARIU, situ\u00e9 dans la crique de Tamariu, loin du bruit de la ville, vous accueillera pour vous faire appr\u00e9cier l\u2019ambiance chalereuse de son cadre familial.<br\/>\n\n<b>Vivez la nature en plein coeur de la Costa Brava.<\/b>\t\t\t\t\t\t\t\t<\/div>\n\t\t\t\t<\/div>\n\t\t\t\t\t<\/div>\n\t\t<\/div>\n\t\t\t\t\t<\/div>\n\t\t<\/section>\n\t\t\t\t<section class=\"elementor-section elementor-top-section elementor-element elementor-element-1d1ca4e elementor-section-boxed elementor-section-height-default elementor-section-height-default\" data-id=\"1d1ca4e\" data-element_type=\"section\" data-e-type=\"section\">\n\t\t\t\t\t\t<div class=\"elementor-container elementor-column-gap-no\">\n\t\t\t\t\t<div class=\"elementor-column elementor-col-33 elementor-top-column elementor-element elementor-element-3936597\" data-id=\"3936597\" data-element_type=\"column\" data-e-type=\"column\">\n\t\t\t<div class=\"elementor-widget-wrap elementor-element-populated\">\n\t\t\t\t\t\t<section class=\"elementor-section elementor-inner-section elementor-element elementor-element-b5e0587 elementor-section-full_width elementor-section-height-default elementor-section-height-default\" data-id=\"b5e0587\" data-element_type=\"section\" data-e-type=\"section\">\n\t\t\t\t\t\t<div class=\"elementor-container elementor-column-gap-no\">\n\t\t\t\t\t<div class=\"elementor-column elementor-col-50 elementor-inner-column elementor-element elementor-element-f1db809\" data-id=\"f1db809\" data-element_type=\"column\" data-e-type=\"column\">\n\t\t\t<div class=\"elementor-widget-wrap elementor-element-populated\">\n\t\t\t\t\t\t<div class=\"elementor-element elementor-element-c4d14bd elementor-widget__width-auto elementor-widget elementor-widget-image\" data-id=\"c4d14bd\" data-element_type=\"widget\" data-e-type=\"widget\" data-widget_type=\"image.default\">\n\t\t\t\t<div class=\"elementor-widget-container\">\n\t\t\t\t\t\t\t\t\t\t\t\t\t\t\t<img decoding=\"async\" src=\"https:\/\/www.campingtamariu.com\/wp-content\/uploads\/2021\/05\/tamariu_tenda-picto.svg\" class=\"attachment-full size-full wp-image-164\" alt=\"\" \/>\t\t\t\t\t\t\t\t\t\t\t\t\t\t\t<\/div>\n\t\t\t\t<\/div>\n\t\t\t\t\t<\/div>\n\t\t<\/div>\n\t\t\t\t<div class=\"elementor-column elementor-col-50 elementor-inner-column elementor-element elementor-element-4224e20\" data-id=\"4224e20\" data-element_type=\"column\" data-e-type=\"column\">\n\t\t\t<div class=\"elementor-widget-wrap elementor-element-populated\">\n\t\t\t\t\t\t<div class=\"elementor-element elementor-element-ab0897d elementor-widget elementor-widget-heading\" data-id=\"ab0897d\" data-element_type=\"widget\" data-e-type=\"widget\" data-widget_type=\"heading.default\">\n\t\t\t\t<div class=\"elementor-widget-container\">\n\t\t\t\t\t<p class=\"elementor-heading-title elementor-size-default\">Dates d'ouverture<\/p>\t\t\t\t<\/div>\n\t\t\t\t<\/div>\n\t\t\t\t<div class=\"elementor-element elementor-element-8c579ff elementor-widget elementor-widget-text-editor\" data-id=\"8c579ff\" data-element_type=\"widget\" data-e-type=\"widget\" data-widget_type=\"text-editor.default\">\n\t\t\t\t<div class=\"elementor-widget-container\">\n\t\t\t\t\t\t\t\t\t<p>Du 1\u00ba Mai au 30 Septembre<\/p>\n<p><b>Basse saison<\/b><\/p>\n<p>Du 1\u00ba Mai au 30 Juin et du 30 Ao\u00fbt au 30 Septembre<\/p>\n<p><b>Haute saison<\/b><\/p>\n<p>Du 1\u00ba Juillet au 29 Ao\u00fbt<\/p>\n<p><b>Les chiens ne sont pas accept\u00e9s<\/b><\/p>\n\t\t\t\t\t\t\t\t<\/div>\n\t\t\t\t<\/div>\n\t\t\t\t<div class=\"elementor-element elementor-element-afa83b3 elementor-widget elementor-widget-image\" data-id=\"afa83b3\" data-element_type=\"widget\" data-e-type=\"widget\" data-widget_type=\"image.default\">\n\t\t\t\t<div class=\"elementor-widget-container\">\n\t\t\t\t\t\t\t\t\t\t\t\t\t\t\t<img decoding=\"async\" src=\"https:\/\/www.campingtamariu.com\/wp-content\/uploads\/2021\/06\/no-perros-logo-21.svg\" class=\"attachment-full size-full wp-image-1472\" alt=\"\" \/>\t\t\t\t\t\t\t\t\t\t\t\t\t\t\t<\/div>\n\t\t\t\t<\/div>\n\t\t\t\t\t<\/div>\n\t\t<\/div>\n\t\t\t\t\t<\/div>\n\t\t<\/section>\n\t\t\t\t\t<\/div>\n\t\t<\/div>\n\t\t\t\t<div class=\"elementor-column elementor-col-33 elementor-top-column elementor-element elementor-element-66f9aa8\" data-id=\"66f9aa8\" data-element_type=\"column\" data-e-type=\"column\">\n\t\t\t<div class=\"elementor-widget-wrap elementor-element-populated\">\n\t\t\t\t\t\t<section class=\"elementor-section elementor-inner-section elementor-element elementor-element-d0a9ca5 elementor-section-full_width elementor-section-height-default elementor-section-height-default\" data-id=\"d0a9ca5\" data-element_type=\"section\" data-e-type=\"section\">\n\t\t\t\t\t\t<div class=\"elementor-container elementor-column-gap-no\">\n\t\t\t\t\t<div class=\"elementor-column elementor-col-50 elementor-inner-column elementor-element elementor-element-a1c60f1\" data-id=\"a1c60f1\" data-element_type=\"column\" data-e-type=\"column\">\n\t\t\t<div class=\"elementor-widget-wrap elementor-element-populated\">\n\t\t\t\t\t\t<div class=\"elementor-element elementor-element-4bb7327 elementor-widget__width-auto elementor-widget elementor-widget-image\" data-id=\"4bb7327\" data-element_type=\"widget\" data-e-type=\"widget\" data-widget_type=\"image.default\">\n\t\t\t\t<div class=\"elementor-widget-container\">\n\t\t\t\t\t\t\t\t\t\t\t\t\t\t\t<img decoding=\"async\" src=\"https:\/\/www.campingtamariu.com\/wp-content\/uploads\/2021\/05\/tamariu_ubicacio-picto.svg\" class=\"attachment-full size-full wp-image-170\" alt=\"\" \/>\t\t\t\t\t\t\t\t\t\t\t\t\t\t\t<\/div>\n\t\t\t\t<\/div>\n\t\t\t\t\t<\/div>\n\t\t<\/div>\n\t\t\t\t<div class=\"elementor-column elementor-col-50 elementor-inner-column elementor-element elementor-element-f98e2c2\" data-id=\"f98e2c2\" data-element_type=\"column\" data-e-type=\"column\">\n\t\t\t<div class=\"elementor-widget-wrap elementor-element-populated\">\n\t\t\t\t\t\t<div class=\"elementor-element elementor-element-3e37351 elementor-widget elementor-widget-heading\" data-id=\"3e37351\" data-element_type=\"widget\" data-e-type=\"widget\" data-widget_type=\"heading.default\">\n\t\t\t\t<div class=\"elementor-widget-container\">\n\t\t\t\t\t<p class=\"elementor-heading-title elementor-size-default\">Situation<\/p>\t\t\t\t<\/div>\n\t\t\t\t<\/div>\n\t\t\t\t<div class=\"elementor-element elementor-element-7baab17 elementor-widget elementor-widget-text-editor\" data-id=\"7baab17\" data-element_type=\"widget\" data-e-type=\"widget\" data-widget_type=\"text-editor.default\">\n\t\t\t\t<div class=\"elementor-widget-container\">\n\t\t\t\t\t\t\t\t\t<p>CAMPING TAMARIU<\/p>\n<p>c\/ Costa Rica, 2<\/p>\n<p>17212 TAMARIU<\/p>\n<p>Palafrugell &#8211; Costa Brava &#8211; Girona<\/p>\n<p>Cartes:<\/p>\n\t\t\t\t\t\t\t\t<\/div>\n\t\t\t\t<\/div>\n\t\t\t\t<div class=\"elementor-element elementor-element-5e5ee9e elementor-widget elementor-widget-button\" data-id=\"5e5ee9e\" data-element_type=\"widget\" data-e-type=\"widget\" data-widget_type=\"button.default\">\n\t\t\t\t<div class=\"elementor-widget-container\">\n\t\t\t\t\t\t\t\t\t<div class=\"elementor-button-wrapper\">\n\t\t\t\t\t<a class=\"elementor-button elementor-button-link elementor-size-sm\" href=\"https:\/\/www.campingtamariu.com\/wp-content\/uploads\/2021\/05\/Planol-Camping-Tamariu.pdf\" target=\"_blank\" rel=\"nofollow\">\n\t\t\t\t\t\t<span class=\"elementor-button-content-wrapper\">\n\t\t\t\t\t\t\t\t\t<span class=\"elementor-button-text\">CARTE DU CAMPING<\/span>\n\t\t\t\t\t<\/span>\n\t\t\t\t\t<\/a>\n\t\t\t\t<\/div>\n\t\t\t\t\t\t\t\t<\/div>\n\t\t\t\t<\/div>\n\t\t\t\t<div class=\"elementor-element elementor-element-970161f elementor-widget elementor-widget-button\" data-id=\"970161f\" data-element_type=\"widget\" data-e-type=\"widget\" data-widget_type=\"button.default\">\n\t\t\t\t<div class=\"elementor-widget-container\">\n\t\t\t\t\t\t\t\t\t<div class=\"elementor-button-wrapper\">\n\t\t\t\t\t<a class=\"elementor-button elementor-button-link elementor-size-sm\" href=\"https:\/\/www.google.com\/maps\/place\/C%C3%A0mping+Tamariu\/@41.9205087,3.2026899,15z\/data=!4m8!3m7!1s0x0:0x17dcc4fb64859389!5m2!4m1!1i2!8m2!3d41.9205087!4d3.2026899\" target=\"_blank\" rel=\"nofollow\">\n\t\t\t\t\t\t<span class=\"elementor-button-content-wrapper\">\n\t\t\t\t\t\t\t\t\t<span class=\"elementor-button-text\">CARTE DE LA REGION<\/span>\n\t\t\t\t\t<\/span>\n\t\t\t\t\t<\/a>\n\t\t\t\t<\/div>\n\t\t\t\t\t\t\t\t<\/div>\n\t\t\t\t<\/div>\n\t\t\t\t\t<\/div>\n\t\t<\/div>\n\t\t\t\t\t<\/div>\n\t\t<\/section>\n\t\t\t\t\t<\/div>\n\t\t<\/div>\n\t\t\t\t<div class=\"elementor-column elementor-col-33 elementor-top-column elementor-element elementor-element-48a4542\" data-id=\"48a4542\" data-element_type=\"column\" data-e-type=\"column\">\n\t\t\t<div class=\"elementor-widget-wrap elementor-element-populated\">\n\t\t\t\t\t\t<section class=\"elementor-section elementor-inner-section elementor-element elementor-element-12f0854 elementor-section-full_width elementor-section-height-default elementor-section-height-default\" data-id=\"12f0854\" data-element_type=\"section\" data-e-type=\"section\">\n\t\t\t\t\t\t<div class=\"elementor-container elementor-column-gap-no\">\n\t\t\t\t\t<div class=\"elementor-column elementor-col-50 elementor-inner-column elementor-element elementor-element-2453b8d\" data-id=\"2453b8d\" data-element_type=\"column\" data-e-type=\"column\">\n\t\t\t<div class=\"elementor-widget-wrap elementor-element-populated\">\n\t\t\t\t\t\t<div class=\"elementor-element elementor-element-858b9b6 elementor-widget__width-auto elementor-widget elementor-widget-image\" data-id=\"858b9b6\" data-element_type=\"widget\" data-e-type=\"widget\" data-widget_type=\"image.default\">\n\t\t\t\t<div class=\"elementor-widget-container\">\n\t\t\t\t\t\t\t\t\t\t\t\t\t\t\t<img decoding=\"async\" src=\"https:\/\/www.campingtamariu.com\/wp-content\/uploads\/2021\/05\/tamariu_direccio-picto.svg\" class=\"attachment-full size-full wp-image-181\" alt=\"\" \/>\t\t\t\t\t\t\t\t\t\t\t\t\t\t\t<\/div>\n\t\t\t\t<\/div>\n\t\t\t\t\t<\/div>\n\t\t<\/div>\n\t\t\t\t<div class=\"elementor-column elementor-col-50 elementor-inner-column elementor-element elementor-element-e48cbc8\" data-id=\"e48cbc8\" data-element_type=\"column\" data-e-type=\"column\">\n\t\t\t<div class=\"elementor-widget-wrap elementor-element-populated\">\n\t\t\t\t\t\t<div class=\"elementor-element elementor-element-e1fc670 elementor-widget elementor-widget-heading\" data-id=\"e1fc670\" data-element_type=\"widget\" data-e-type=\"widget\" data-widget_type=\"heading.default\">\n\t\t\t\t<div class=\"elementor-widget-container\">\n\t\t\t\t\t<p class=\"elementor-heading-title elementor-size-default\">Comment y arriver<\/p>\t\t\t\t<\/div>\n\t\t\t\t<\/div>\n\t\t\t\t<div class=\"elementor-element elementor-element-e93dde9 mgbot0 elementor-widget elementor-widget-text-editor\" data-id=\"e93dde9\" data-element_type=\"widget\" data-e-type=\"widget\" data-widget_type=\"text-editor.default\">\n\t\t\t\t<div class=\"elementor-widget-container\">\n\t\t\t\t\t\t\t\t\t<p><b>En voiture:<\/b> Par AP7 (E 15 ) Sortie 9 ( sud) ou bien sortie 6 (nord) C-31 jusqu\u2019\u00e0 Palafrugell, sortie Palafrugell Sud\u2013Platges et apr\u00e8s route GIV-6542 jusqu\u2019\u00e0 Tamariu o\u00f9 le camping est indiqu\u00e9.<\/p>\n<p><b>En train:<\/b> Gare de Rodalies de Catalunya a Fla\u00e7\u00e0, lignes R11 et RG1 \u00e0 35km.<br \/>\nDes horaires a www.http:\/\/rodalies.gencat.cat<\/p>\n\t\t\t\t\t\t\t\t<\/div>\n\t\t\t\t<\/div>\n\t\t\t\t<div class=\"elementor-element elementor-element-3d2e1dc elementor-widget elementor-widget-text-editor\" data-id=\"3d2e1dc\" data-element_type=\"widget\" data-e-type=\"widget\" data-widget_type=\"text-editor.default\">\n\t\t\t\t<div class=\"elementor-widget-container\">\n\t\t\t\t\t\t\t\t\t<b>En bus: Bus SARFA.<\/b> Des horaires <a style=\"color: #353535; text-decoration: none;\" href=\"https:\/\/www.moventis.es\/es\" rel=\"nofollow noreferrer noopener\">https:\/\/www.moventis.es\/es<\/a>\t\t\t\t\t\t\t\t<\/div>\n\t\t\t\t<\/div>\n\t\t\t\t<div class=\"elementor-element elementor-element-f05a9bc elementor-widget elementor-widget-text-editor\" data-id=\"f05a9bc\" data-element_type=\"widget\" data-e-type=\"widget\" data-widget_type=\"text-editor.default\">\n\t\t\t\t<div class=\"elementor-widget-container\">\n\t\t\t\t\t\t\t\t\t<b>Par avion: A\u00e9roport de Girona<\/b> \u00e0 45 km.\t\t\t\t\t\t\t\t<\/div>\n\t\t\t\t<\/div>\n\t\t\t\t<div class=\"elementor-element elementor-element-9168898 elementor-widget elementor-widget-text-editor\" data-id=\"9168898\" data-element_type=\"widget\" data-e-type=\"widget\" data-widget_type=\"text-editor.default\">\n\t\t\t\t<div class=\"elementor-widget-container\">\n\t\t\t\t\t\t\t\t\t<b>A\u00e9roport Barcelona<\/b> El Prat \u00e0 120 km.\t\t\t\t\t\t\t\t<\/div>\n\t\t\t\t<\/div>\n\t\t\t\t\t<\/div>\n\t\t<\/div>\n\t\t\t\t\t<\/div>\n\t\t<\/section>\n\t\t\t\t\t<\/div>\n\t\t<\/div>\n\t\t\t\t\t<\/div>\n\t\t<\/section>\n\t\t\t\t<section class=\"elementor-section elementor-top-section elementor-element elementor-element-28f6319 elementor-section-full_width elementor-section-height-default elementor-section-height-default\" data-id=\"28f6319\" data-element_type=\"section\" data-e-type=\"section\">\n\t\t\t\t\t\t<div class=\"elementor-container elementor-column-gap-no\">\n\t\t\t\t\t<div class=\"elementor-column elementor-col-100 elementor-top-column elementor-element elementor-element-4614444\" data-id=\"4614444\" data-element_type=\"column\" data-e-type=\"column\">\n\t\t\t<div class=\"elementor-widget-wrap elementor-element-populated\">\n\t\t\t\t\t\t<div class=\"elementor-element elementor-element-5ae8086 elementor-widget elementor-widget-image\" data-id=\"5ae8086\" data-element_type=\"widget\" data-e-type=\"widget\" data-widget_type=\"image.default\">\n\t\t\t\t<div class=\"elementor-widget-container\">\n\t\t\t\t\t\t\t\t\t\t\t\t\t\t\t<img decoding=\"async\" width=\"1920\" height=\"890\" src=\"https:\/\/www.campingtamariu.com\/wp-content\/uploads\/2021\/05\/poble-2.jpg\" class=\"attachment-full size-full wp-image-190\" alt=\"\" srcset=\"https:\/\/www.campingtamariu.com\/wp-content\/uploads\/2021\/05\/poble-2.jpg 1920w, https:\/\/www.campingtamariu.com\/wp-content\/uploads\/2021\/05\/poble-2-300x139.jpg 300w, https:\/\/www.campingtamariu.com\/wp-content\/uploads\/2021\/05\/poble-2-1024x475.jpg 1024w, https:\/\/www.campingtamariu.com\/wp-content\/uploads\/2021\/05\/poble-2-768x356.jpg 768w, https:\/\/www.campingtamariu.com\/wp-content\/uploads\/2021\/05\/poble-2-1536x712.jpg 1536w, https:\/\/www.campingtamariu.com\/wp-content\/uploads\/2021\/05\/poble-2-1568x727.jpg 1568w\" sizes=\"(max-width: 1920px) 100vw, 1920px\" \/>\t\t\t\t\t\t\t\t\t\t\t\t\t\t\t<\/div>\n\t\t\t\t<\/div>\n\t\t\t\t\t<\/div>\n\t\t<\/div>\n\t\t\t\t\t<\/div>\n\t\t<\/section>\n\t\t\t\t<section class=\"elementor-section elementor-top-section elementor-element elementor-element-d788d41 elementor-section-boxed elementor-section-height-default elementor-section-height-default\" data-id=\"d788d41\" data-element_type=\"section\" data-e-type=\"section\" data-settings=\"{&quot;background_background&quot;:&quot;classic&quot;}\">\n\t\t\t\t\t\t<div class=\"elementor-container elementor-column-gap-no\">\n\t\t\t\t\t<div class=\"elementor-column elementor-col-100 elementor-top-column elementor-element elementor-element-a50c83f\" data-id=\"a50c83f\" data-element_type=\"column\" data-e-type=\"column\">\n\t\t\t<div class=\"elementor-widget-wrap elementor-element-populated\">\n\t\t\t\t\t\t<div class=\"elementor-element elementor-element-3fd5549 elementor-widget elementor-widget-heading\" data-id=\"3fd5549\" data-element_type=\"widget\" data-e-type=\"widget\" data-widget_type=\"heading.default\">\n\t\t\t\t<div class=\"elementor-widget-container\">\n\t\t\t\t\t<p class=\"elementor-heading-title elementor-size-default\">Alentours: le village deTamariu<\/p>\t\t\t\t<\/div>\n\t\t\t\t<\/div>\n\t\t\t\t<div class=\"elementor-element elementor-element-0f3c412 elementor-widget elementor-widget-text-editor\" data-id=\"0f3c412\" data-element_type=\"widget\" data-e-type=\"widget\" data-widget_type=\"text-editor.default\">\n\t\t\t\t<div class=\"elementor-widget-container\">\n\t\t\t\t\t\t\t\t\tTamariu est \u00e0 5 km de Palafrugell et \u00e0 5 km de Begur. C\u2019est la localisation id\u00e9ale pour visiter les criques et chemins de ronde du litoral central catalan, du cap de Begur \u00e0 la baie de Palam\u00f3s.<br\/>\nOn peut aussi se promener dans les nombreux villages m\u00e9di\u00e9vaux qui nous entourent et les sites historiques et culturels comme le Mus\u00e9e Dali \u00e0 Figueres, le site arq\u00e9eologique d\u2019Emp\u00faries o\u00fa le Festival Cap Roig \u00e0 Calella.\t\t\t\t\t\t\t\t<\/div>\n\t\t\t\t<\/div>\n\t\t\t\t<section class=\"elementor-section elementor-inner-section elementor-element elementor-element-9d76955 elementor-section-boxed elementor-section-height-default elementor-section-height-default\" data-id=\"9d76955\" data-element_type=\"section\" data-e-type=\"section\">\n\t\t\t\t\t\t<div class=\"elementor-container elementor-column-gap-no\">\n\t\t\t\t\t<div class=\"elementor-column elementor-col-50 elementor-inner-column elementor-element elementor-element-fd66d0d\" data-id=\"fd66d0d\" data-element_type=\"column\" data-e-type=\"column\">\n\t\t\t<div class=\"elementor-widget-wrap elementor-element-populated\">\n\t\t\t\t\t\t<div class=\"elementor-element elementor-element-82a2a03 elementor-align-right elementor-mobile-align-center elementor-widget elementor-widget-button\" data-id=\"82a2a03\" data-element_type=\"widget\" data-e-type=\"widget\" data-widget_type=\"button.default\">\n\t\t\t\t<div class=\"elementor-widget-container\">\n\t\t\t\t\t\t\t\t\t<div class=\"elementor-button-wrapper\">\n\t\t\t\t\t<a class=\"elementor-button elementor-button-link elementor-size-sm\" href=\"https:\/\/www.campingtamariu.com\/fr\/facilites\/\">\n\t\t\t\t\t\t<span class=\"elementor-button-content-wrapper\">\n\t\t\t\t\t\t\t\t\t<span class=\"elementor-button-text\">H\u00c9BERGEMENTS<\/span>\n\t\t\t\t\t<\/span>\n\t\t\t\t\t<\/a>\n\t\t\t\t<\/div>\n\t\t\t\t\t\t\t\t<\/div>\n\t\t\t\t<\/div>\n\t\t\t\t\t<\/div>\n\t\t<\/div>\n\t\t\t\t<div class=\"elementor-column elementor-col-50 elementor-inner-column elementor-element elementor-element-6cbf561\" data-id=\"6cbf561\" data-element_type=\"column\" data-e-type=\"column\">\n\t\t\t<div class=\"elementor-widget-wrap elementor-element-populated\">\n\t\t\t\t\t\t<div class=\"elementor-element elementor-element-cc88434 elementor-align-left elementor-mobile-align-center elementor-widget elementor-widget-button\" data-id=\"cc88434\" data-element_type=\"widget\" data-e-type=\"widget\" data-widget_type=\"button.default\">\n\t\t\t\t<div class=\"elementor-widget-container\">\n\t\t\t\t\t\t\t\t\t<div class=\"elementor-button-wrapper\">\n\t\t\t\t\t<a class=\"elementor-button elementor-button-link elementor-size-sm\" href=\"https:\/\/www.campingtamariu.com\/fr\/contact\/\">\n\t\t\t\t\t\t<span class=\"elementor-button-content-wrapper\">\n\t\t\t\t\t\t\t\t\t<span class=\"elementor-button-text\">CONTACT<\/span>\n\t\t\t\t\t<\/span>\n\t\t\t\t\t<\/a>\n\t\t\t\t<\/div>\n\t\t\t\t\t\t\t\t<\/div>\n\t\t\t\t<\/div>\n\t\t\t\t\t<\/div>\n\t\t<\/div>\n\t\t\t\t\t<\/div>\n\t\t<\/section>\n\t\t\t\t\t<\/div>\n\t\t<\/div>\n\t\t\t\t\t<\/div>\n\t\t<\/section>\n\t\t\t\t<\/div>\n\t\t","protected":false},"excerpt":{"rendered":"<p>Bienvenue Pour passer d\u2019agr\u00e9able vacances, le CAMPING TAMARIU, situ\u00e9 dans la crique de Tamariu, loin du bruit de la ville, vous accueillera pour vous faire appr\u00e9cier l\u2019ambiance chalereuse de son cadre familial. Vivez la nature en plein coeur de la Costa Brava. Dates d&rsquo;ouverture Du 1\u00ba Mai au 30 Septembre Basse saison Du 1\u00ba Mai &hellip; <\/p>\n<p class=\"link-more\"><a href=\"https:\/\/www.campingtamariu.com\/fr\/\" class=\"more-link\">Continuer la lecture <span class=\"screen-reader-text\"> \u00ab\u00a0Accueil\u00a0\u00bb<\/span><\/a><\/p>\n","protected":false},"author":1,"featured_media":0,"parent":0,"menu_order":0,"comment_status":"closed","ping_status":"closed","template":"elementor_header_footer","meta":{"footnotes":""},"class_list":["post-1172","page","type-page","status-publish","hentry","entry"],"_links":{"self":[{"href":"https:\/\/www.campingtamariu.com\/fr\/wp-json\/wp\/v2\/pages\/1172","targetHints":{"allow":["GET"]}}],"collection":[{"href":"https:\/\/www.campingtamariu.com\/fr\/wp-json\/wp\/v2\/pages"}],"about":[{"href":"https:\/\/www.campingtamariu.com\/fr\/wp-json\/wp\/v2\/types\/page"}],"author":[{"embeddable":true,"href":"https:\/\/www.campingtamariu.com\/fr\/wp-json\/wp\/v2\/users\/1"}],"replies":[{"embeddable":true,"href":"https:\/\/www.campingtamariu.com\/fr\/wp-json\/wp\/v2\/comments?post=1172"}],"version-history":[{"count":12,"href":"https:\/\/www.campingtamariu.com\/fr\/wp-json\/wp\/v2\/pages\/1172\/revisions"}],"predecessor-version":[{"id":1489,"href":"https:\/\/www.campingtamariu.com\/fr\/wp-json\/wp\/v2\/pages\/1172\/revisions\/1489"}],"wp:attachment":[{"href":"https:\/\/www.campingtamariu.com\/fr\/wp-json\/wp\/v2\/media?parent=1172"}],"curies":[{"name":"wp","href":"https:\/\/api.w.org\/{rel}","templated":true}]}}